{"id":10,"date":"2023-06-10T13:35:10","date_gmt":"2023-06-10T12:35:10","guid":{"rendered":"http:\/\/nuevo.korevia.com\/?page_id=10"},"modified":"2023-06-10T13:35:13","modified_gmt":"2023-06-10T12:35:13","slug":"refund_returns","status":"publish","type":"page","link":"http:\/\/korevia.com\/index.php\/refund_returns\/","title":{"rendered":"Pol\u00edtica de devoluciones y reembolso"},"content":{"rendered":"\n<p><strong>DEVOLUCIONES<\/strong><\/p>\n\n\n\n<p>Por cuestiones higi\u00e9nicas, los pendientes no se podr\u00e1n devolver.<br><br>Se realizar\u00e1n devoluciones y cambios \u00fanicamente por los siguientes motivos:<br>Si el art\u00edculo no es el correcto por parte de la empresa, se enviar\u00e1 el art\u00edculo adecuado.<br>En el caso de que el art\u00edculo llegue roto por motivo de env\u00edo, podr\u00e1 solicitarse un reemplazo (sin coste adicional) enviando una fotograf\u00eda o v\u00eddeo del art\u00edculo en el momento de recibirlo en un email a\u00a0<a href=\"mailto:korevia@korevia.com\">korevia@korevia.com<\/a>. Al ser un producto artesanal no podemos garantizar que el reemplazo sea 100% como el original pero nos esforzaremos en ello.<br><br>Los productos pueden ofrecer variaciones en su color respecto a lo mostrado en las im\u00e1genes. Adem\u00e1s son productos artesanales creados en madera que pueden tener ligeras imperfecciones o diferencias entre los art\u00edculos del mismo par. Estos dos motivos no ser\u00e1n v\u00e1lidos para realizar una devoluci\u00f3n.<br><br>Elementos adicionales que no se pueden devolver:<br>* Tarjetas de regalo<br><br><strong>Reembolsos<\/strong><br>Korevia no realizar\u00e1 reembolsos.<\/p>\n","protected":false},"excerpt":{"rendered":"<p>DEVOLUCIONES Por cuestiones higi\u00e9nicas, los pendientes no se podr\u00e1n devolver. Se realizar\u00e1n devoluciones y cambios \u00fanicamente por los siguientes motivos:Si el art\u00edculo no es el correcto por parte de la empresa, se enviar\u00e1 el art\u00edculo adecuado.En el caso de que el art\u00edculo llegue roto por motivo de env\u00edo, podr\u00e1 solicitarse un reemplazo (sin coste adicional) [&hellip;]<\/p>\n","protected":false},"author":1,"featured_media":0,"parent":0,"menu_order":0,"comment_status":"closed","ping_status":"closed","template":"","meta":{"site-sidebar-layout":"default","site-content-layout":"","ast-site-content-layout":"","site-content-style":"default","site-sidebar-style":"default","ast-global-header-display":"","ast-banner-title-visibility":"","ast-main-header-display":"","ast-hfb-above-header-display":"","ast-hfb-below-header-display":"","ast-hfb-mobile-header-display":"","site-post-title":"","ast-breadcrumbs-content":"","ast-featured-img":"","footer-sml-layout":"","theme-transparent-header-meta":"","adv-header-id-meta":"","stick-header-meta":"","header-above-stick-meta":"","header-main-stick-meta":"","header-below-stick-meta":"","astra-migrate-meta-layouts":"default","ast-page-background-enabled":"default","ast-page-background-meta":{"desktop":{"background-color":"var(--ast-global-color-4)","background-image":"","background-repeat":"repeat","background-position":"center center","background-size":"auto","background-attachment":"scroll","background-type":"","background-media":"","overlay-type":"","overlay-color":"","overlay-opacity":"","overlay-gradient":""},"tablet":{"background-color":"","background-image":"","background-repeat":"repeat","background-position":"center center","background-size":"auto","background-attachment":"scroll","background-type":"","background-media":"","overlay-type":"","overlay-color":"","overlay-opacity":"","overlay-gradient":""},"mobile":{"background-color":"","background-image":"","background-repeat":"repeat","background-position":"center center","background-size":"auto","background-attachment":"scroll","background-type":"","background-media":"","overlay-type":"","overlay-color":"","overlay-opacity":"","overlay-gradient":""}},"ast-content-background-meta":{"desktop":{"background-color":"var(--ast-global-color-5)","background-image":"","background-repeat":"repeat","background-position":"center center","background-size":"auto","background-attachment":"scroll","background-type":"","background-media":"","overlay-type":"","overlay-color":"","overlay-opacity":"","overlay-gradient":""},"tablet":{"background-color":"var(--ast-global-color-5)","background-image":"","background-repeat":"repeat","background-position":"center center","background-size":"auto","background-attachment":"scroll","background-type":"","background-media":"","overlay-type":"","overlay-color":"","overlay-opacity":"","overlay-gradient":""},"mobile":{"background-color":"var(--ast-global-color-5)","background-image":"","background-repeat":"repeat","background-position":"center center","background-size":"auto","background-attachment":"scroll","background-type":"","background-media":"","overlay-type":"","overlay-color":"","overlay-opacity":"","overlay-gradient":""}},"footnotes":""},"class_list":["post-10","page","type-page","status-publish","hentry"],"jetpack_sharing_enabled":true,"_links":{"self":[{"href":"http:\/\/korevia.com\/index.php\/wp-json\/wp\/v2\/pages\/10","targetHints":{"allow":["GET"]}}],"collection":[{"href":"http:\/\/korevia.com\/index.php\/wp-json\/wp\/v2\/pages"}],"about":[{"href":"http:\/\/korevia.com\/index.php\/wp-json\/wp\/v2\/types\/page"}],"author":[{"embeddable":true,"href":"http:\/\/korevia.com\/index.php\/wp-json\/wp\/v2\/users\/1"}],"replies":[{"embeddable":true,"href":"http:\/\/korevia.com\/index.php\/wp-json\/wp\/v2\/comments?post=10"}],"version-history":[{"count":1,"href":"http:\/\/korevia.com\/index.php\/wp-json\/wp\/v2\/pages\/10\/revisions"}],"predecessor-version":[{"id":452,"href":"http:\/\/korevia.com\/index.php\/wp-json\/wp\/v2\/pages\/10\/revisions\/452"}],"wp:attachment":[{"href":"http:\/\/korevia.com\/index.php\/wp-json\/wp\/v2\/media?parent=10"}],"curies":[{"name":"wp","href":"https:\/\/api.w.org\/{rel}","templated":true}]}}