{"id":1769,"date":"2023-07-01T12:31:55","date_gmt":"2023-07-01T11:31:55","guid":{"rendered":"http:\/\/nuevo.korevia.com\/?page_id=1769"},"modified":"2023-07-01T12:31:58","modified_gmt":"2023-07-01T11:31:58","slug":"envios-2","status":"publish","type":"page","link":"http:\/\/korevia.com\/index.php\/envios-2\/","title":{"rendered":"Env\u00edos"},"content":{"rendered":"\n<h3 class=\"wp-block-heading\"><em>\u00bfD\u00f3nde puedo recibir mi pedido?<\/em><\/h3>\n\n\n\n<p>Puedes recibirlo en la direcci\u00f3n que elijas (domicilio, trabajo, etc )<\/p>\n\n\n\n<h3 class=\"wp-block-heading\"><em>\u00bfEl pa\u00eds de entrega puede ser diferente al de compra?<\/em><\/h3>\n\n\n\n<p>El pa\u00eds de entrega siempre tiene que coincidir con el pa\u00eds de compra.<br><\/p>\n\n\n\n<h3 class=\"wp-block-heading\"><em>\u00bfCuanto tardar\u00e1 en llegar mi pedido?<\/em><\/h3>\n\n\n\n<p><em><\/em>Si vives en la pen\u00ednsula, el plazo de entrega es para env\u00edo express de&nbsp; 1-2 d\u00edas laborables y el env\u00edo estandar 2-4 d\u00edas, salvo que el pedido se realice en s\u00e1bado, domingo o festivo, en cuyo caso el pedido se tramitara el primer d\u00eda laborable posterior al d\u00eda de realizaci\u00f3n del pedido.<\/p>\n\n\n\n<p>Baleares, el tiempo de entrega es de 1 a 4 d\u00edas laborables en el env\u00edo express y de 2 a 5 d\u00edas laborables en el env\u00edo estandar.<\/p>\n\n\n\n<p>Para pa\u00edses pr\u00f3ximos a Espa\u00f1a el plazo var\u00eda entre 2-3 d\u00edas.<\/p>\n\n\n\n<p>Para el resto de Europa el env\u00edo puede tardar entre 4 y 10 d\u00edas laborables.<\/p>\n\n\n\n<h3 class=\"wp-block-heading\"><br><em>\u00bfCu\u00e1nto he de pagar de gastos de env\u00edo?<\/em><\/h3>\n\n\n\n<p><em><\/em>Los gastos de env\u00edo son los detallados en el proceso de compra:<\/p>\n\n\n\n<p><strong>Madrid provincia:<\/strong><br>Tarifa Express (Seur) 4,60\u20ac<br>Tarifa Estandar (Correos) 2,70\u20ac<\/p>\n\n\n\n<p>Los p\u00e9didos para los c\u00f3digos postales&nbsp;<strong>28041 y 28021&nbsp;<\/strong>el env\u00edo ser\u00e1&nbsp;<strong>gratuito.<\/strong><\/p>\n\n\n\n<p><strong>Espa\u00f1a pen\u00ednsula*:<\/strong><br>Tarifa Express (Seur) 5,20\u20ac&nbsp;<br>Tarifa Estandar (Correos) 3,60\u20ac&nbsp;<br><br><strong>Islas Baleares<\/strong>:<br>Tarifa Express (Seur) 8,80<br>Tarifa Estandar (Correos) 5,00\u20ac<br><br><strong>Portugal*<\/strong>: Tarifa Express (Seur) 7,15\u20ac<br><br><strong>Alemania, Francia, Pa\u00edses Bajos, B\u00e9lgica, Luxemburgo<\/strong>: Tarifa Estandar Internacional (Seur) 14,60\u20ac<br><br><strong>Italia<\/strong>: Tarifa Express Internacional (Seur) 15,00\u20ac<br><br><strong>Austria, Rep\u00fablica Checa<\/strong>: Tarifa Express Internacional (Seur) 16,30\u20ac<\/p>\n\n\n\n<p><strong>Eslovaquia, Eslovenia, Dinamarca, Hungr\u00eda, Irlanda, Polonia<\/strong>: Tarifa Express Internacional (Seur) 17,16\u20ac<\/p>\n\n\n\n<p><strong>Croacia<\/strong>: Tarifa Est\u00e1ndar Internacional (Seur) 24,70\u20ac<br><br><strong>Estonia, Letonia, Lituania, Suecia, Bulgaria, Grecia, Ruman\u00eda, Finlandia<\/strong>: Tarifa Est\u00e1ndar Internacional (Seur) 21,00\u20ac<\/p>\n\n\n\n<p><strong>*<\/strong>No se incluye Andorra.<\/p>\n\n\n\n<p><strong>*<\/strong>No se incluyen las islas de Madeira y Azores.<\/p>\n\n\n\n<p>Actualmente realizamos los env\u00edos a trav\u00e9s de&nbsp;<strong>Correos y Seur<\/strong>&nbsp;por considerarlos una opci\u00f3n de calidad y con un precio ajustado dentro del contexto actual.<\/p>\n\n\n\n<h3 class=\"wp-block-heading\">Mi pa\u00eds no figura en la lista, \u00bf C\u00f3mo puedo hacer un pedido?<\/h3>\n\n\n\n<p>Si tu pa\u00eds no figura en la lista, por favor, no dudes en contactar con nosotros a trav\u00e9s de la hoja de contacto o mandando un email a&nbsp;<a href=\"mailto:korevia@korevia.com\">korevia@korevia.com<\/a><\/p>\n\n\n\n<h3 class=\"wp-block-heading\"><br><em>\u00bfC\u00f3mo puedo saber donde est\u00e1 mi pedido?<\/em><\/h3>\n\n\n\n<p>Enviaremos un n\u00famero de tracking con los pedidos en caso de que la empresa lo ofrezca<em>.<br><\/em>Ante cualquier problema con tu env\u00edo no dudes en contactar con nosotros a trav\u00e9s de la p\u00e1gina de contacto, nuestro email:&nbsp;<a href=\"mailto:korevia@korevia.com\">korevia@korevia.com<\/a>&nbsp;o a trav\u00e9s de nuestras redes sociales.<\/p>\n\n\n\n<h3 class=\"wp-block-heading\"><em>\u00bfCu\u00e1l es el proceso de entrega a domicilio?<\/em><\/h3>\n\n\n\n<p><em><\/em>Te enviaremos un email de confirmaci\u00f3n cuando tu pedido vaya a salir del almac\u00e9n y el transportista se pondr\u00e1 en contacto contigo para informarte de la entrega del pedido.<\/p>\n","protected":false},"excerpt":{"rendered":"<p>\u00bfD\u00f3nde puedo recibir mi pedido? Puedes recibirlo en la direcci\u00f3n que elijas (domicilio, trabajo, etc ) \u00bfEl pa\u00eds de entrega puede ser diferente al de compra? El pa\u00eds de entrega siempre tiene que coincidir con el pa\u00eds de compra. \u00bfCuanto tardar\u00e1 en llegar mi pedido? Si vives en la pen\u00ednsula, el plazo de entrega es [&hellip;]<\/p>\n","protected":false},"author":1,"featured_media":0,"parent":0,"menu_order":0,"comment_status":"closed","ping_status":"closed","template":"","meta":{"site-sidebar-layout":"default","site-content-layout":"","ast-site-content-layout":"","site-content-style":"default","site-sidebar-style":"default","ast-global-header-display":"","ast-banner-title-visibility":"","ast-main-header-display":"","ast-hfb-above-header-display":"","ast-hfb-below-header-display":"","ast-hfb-mobile-header-display":"","site-post-title":"","ast-breadcrumbs-content":"","ast-featured-img":"","footer-sml-layout":"","theme-transparent-header-meta":"","adv-header-id-meta":"","stick-header-meta":"","header-above-stick-meta":"","header-main-stick-meta":"","header-below-stick-meta":"","astra-migrate-meta-layouts":"default","ast-page-background-enabled":"default","ast-page-background-meta":{"desktop":{"background-color":"var(--ast-global-color-4)","background-image":"","background-repeat":"repeat","background-position":"center center","background-size":"auto","background-attachment":"scroll","background-type":"","background-media":"","overlay-type":"","overlay-color":"","overlay-opacity":"","overlay-gradient":""},"tablet":{"background-color":"","background-image":"","background-repeat":"repeat","background-position":"center center","background-size":"auto","background-attachment":"scroll","background-type":"","background-media":"","overlay-type":"","overlay-color":"","overlay-opacity":"","overlay-gradient":""},"mobile":{"background-color":"","background-image":"","background-repeat":"repeat","background-position":"center center","background-size":"auto","background-attachment":"scroll","background-type":"","background-media":"","overlay-type":"","overlay-color":"","overlay-opacity":"","overlay-gradient":""}},"ast-content-background-meta":{"desktop":{"background-color":"var(--ast-global-color-5)","background-image":"","background-repeat":"repeat","background-position":"center center","background-size":"auto","background-attachment":"scroll","background-type":"","background-media":"","overlay-type":"","overlay-color":"","overlay-opacity":"","overlay-gradient":""},"tablet":{"background-color":"var(--ast-global-color-5)","background-image":"","background-repeat":"repeat","background-position":"center center","background-size":"auto","background-attachment":"scroll","background-type":"","background-media":"","overlay-type":"","overlay-color":"","overlay-opacity":"","overlay-gradient":""},"mobile":{"background-color":"var(--ast-global-color-5)","background-image":"","background-repeat":"repeat","background-position":"center center","background-size":"auto","background-attachment":"scroll","background-type":"","background-media":"","overlay-type":"","overlay-color":"","overlay-opacity":"","overlay-gradient":""}},"footnotes":""},"class_list":["post-1769","page","type-page","status-publish","hentry"],"jetpack_sharing_enabled":true,"_links":{"self":[{"href":"http:\/\/korevia.com\/index.php\/wp-json\/wp\/v2\/pages\/1769","targetHints":{"allow":["GET"]}}],"collection":[{"href":"http:\/\/korevia.com\/index.php\/wp-json\/wp\/v2\/pages"}],"about":[{"href":"http:\/\/korevia.com\/index.php\/wp-json\/wp\/v2\/types\/page"}],"author":[{"embeddable":true,"href":"http:\/\/korevia.com\/index.php\/wp-json\/wp\/v2\/users\/1"}],"replies":[{"embeddable":true,"href":"http:\/\/korevia.com\/index.php\/wp-json\/wp\/v2\/comments?post=1769"}],"version-history":[{"count":1,"href":"http:\/\/korevia.com\/index.php\/wp-json\/wp\/v2\/pages\/1769\/revisions"}],"predecessor-version":[{"id":1770,"href":"http:\/\/korevia.com\/index.php\/wp-json\/wp\/v2\/pages\/1769\/revisions\/1770"}],"wp:attachment":[{"href":"http:\/\/korevia.com\/index.php\/wp-json\/wp\/v2\/media?parent=1769"}],"curies":[{"name":"wp","href":"https:\/\/api.w.org\/{rel}","templated":true}]}}