{"id":1286,"date":"2023-06-10T18:27:22","date_gmt":"2023-06-10T17:27:22","guid":{"rendered":"http:\/\/nuevo.korevia.com\/index.php\/product\/pin-body-bebe-rosa\/"},"modified":"2023-06-10T18:27:23","modified_gmt":"2023-06-10T17:27:23","slug":"pin-body-bebe-rosa","status":"publish","type":"product","link":"http:\/\/korevia.com\/index.php\/product\/pin-body-bebe-rosa\/","title":{"rendered":"Pin body beb\u00e9 rosa"},"content":{"rendered":"<p>Pin de madera de contrachapado en forma de body de beb\u00e9, pintado a mano y recubierto de resina con purpurina hologr\u00e1fica y figuras de arcilla polim\u00e9rica.<\/p>\n<p>Hecho a mano.\u00a0<\/p>\n","protected":false},"excerpt":{"rendered":"<p>Pin de madera de contrachapado en forma de body de beb\u00e9, pintado a mano y recubierto de resina con purpurina hologr\u00e1fica y figuras de arcilla polim\u00e9rica. Hecho a mano.\u00a0<\/p>\n","protected":false},"featured_media":1661,"comment_status":"open","ping_status":"closed","template":"","meta":{"site-sidebar-layout":"default","site-content-layout":"","ast-site-content-layout":"","site-content-style":"default","site-sidebar-style":"default","ast-global-header-display":"","ast-banner-title-visibility":"","ast-main-header-display":"","ast-hfb-above-header-display":"","ast-hfb-below-header-display":"","ast-hfb-mobile-header-display":"","site-post-title":"","ast-breadcrumbs-content":"","ast-featured-img":"","footer-sml-layout":"","theme-transparent-header-meta":"","adv-header-id-meta":"","stick-header-meta":"","header-above-stick-meta":"","header-main-stick-meta":"","header-below-stick-meta":"","astra-migrate-meta-layouts":"default","ast-page-background-enabled":"default","ast-page-background-meta":{"desktop":{"background-color":"var(--ast-global-color-4)","background-image":"","background-repeat":"repeat","background-position":"center center","background-size":"auto","background-attachment":"scroll","background-type":"","background-media":"","overlay-type":"","overlay-color":"","overlay-opacity":"","overlay-gradient":""},"tablet":{"background-color":"","background-image":"","background-repeat":"repeat","background-position":"center center","background-size":"auto","background-attachment":"scroll","background-type":"","background-media":"","overlay-type":"","overlay-color":"","overlay-opacity":"","overlay-gradient":""},"mobile":{"background-color":"","background-image":"","background-repeat":"repeat","background-position":"center center","background-size":"auto","background-attachment":"scroll","background-type":"","background-media":"","overlay-type":"","overlay-color":"","overlay-opacity":"","overlay-gradient":""}},"ast-content-background-meta":{"desktop":{"background-color":"var(--ast-global-color-5)","background-image":"","background-repeat":"repeat","background-position":"center center","background-size":"auto","background-attachment":"scroll","background-type":"","background-media":"","overlay-type":"","overlay-color":"","overlay-opacity":"","overlay-gradient":""},"tablet":{"background-color":"var(--ast-global-color-5)","background-image":"","background-repeat":"repeat","background-position":"center center","background-size":"auto","background-attachment":"scroll","background-type":"","background-media":"","overlay-type":"","overlay-color":"","overlay-opacity":"","overlay-gradient":""},"mobile":{"background-color":"var(--ast-global-color-5)","background-image":"","background-repeat":"repeat","background-position":"center center","background-size":"auto","background-attachment":"scroll","background-type":"","background-media":"","overlay-type":"","overlay-color":"","overlay-opacity":"","overlay-gradient":""}}},"product_brand":[],"product_cat":[129],"product_tag":[139,33,141,20,248,26,28,132,103,39,32,54],"class_list":{"0":"post-1286","1":"product","2":"type-product","3":"status-publish","4":"has-post-thumbnail","6":"product_cat-pins","7":"product_tag-bebe","8":"product_tag-brillos","9":"product_tag-camiseta","10":"product_tag-fun","11":"product_tag-hecho-a-mano","12":"product_tag-madera","13":"product_tag-original","14":"product_tag-pin","15":"product_tag-pink","16":"product_tag-purpurina","17":"product_tag-resina","18":"product_tag-rosa","19":"desktop-align-left","20":"tablet-align-left","21":"mobile-align-left","23":"first","24":"instock","25":"shipping-taxable","26":"purchasable","27":"product-type-simple"},"jetpack_sharing_enabled":true,"_links":{"self":[{"href":"http:\/\/korevia.com\/index.php\/wp-json\/wp\/v2\/product\/1286","targetHints":{"allow":["GET"]}}],"collection":[{"href":"http:\/\/korevia.com\/index.php\/wp-json\/wp\/v2\/product"}],"about":[{"href":"http:\/\/korevia.com\/index.php\/wp-json\/wp\/v2\/types\/product"}],"replies":[{"embeddable":true,"href":"http:\/\/korevia.com\/index.php\/wp-json\/wp\/v2\/comments?post=1286"}],"wp:featuredmedia":[{"embeddable":true,"href":"http:\/\/korevia.com\/index.php\/wp-json\/wp\/v2\/media\/1661"}],"wp:attachment":[{"href":"http:\/\/korevia.com\/index.php\/wp-json\/wp\/v2\/media?parent=1286"}],"wp:term":[{"taxonomy":"product_brand","embeddable":true,"href":"http:\/\/korevia.com\/index.php\/wp-json\/wp\/v2\/product_brand?post=1286"},{"taxonomy":"product_cat","embeddable":true,"href":"http:\/\/korevia.com\/index.php\/wp-json\/wp\/v2\/product_cat?post=1286"},{"taxonomy":"product_tag","embeddable":true,"href":"http:\/\/korevia.com\/index.php\/wp-json\/wp\/v2\/product_tag?post=1286"}],"curies":[{"name":"wp","href":"https:\/\/api.w.org\/{rel}","templated":true}]}}