{"id":1741,"date":"2023-06-11T12:01:30","date_gmt":"2023-06-11T11:01:30","guid":{"rendered":"http:\/\/nuevo.korevia.com\/?page_id=1741"},"modified":"2023-07-01T12:30:13","modified_gmt":"2023-07-01T11:30:13","slug":"preguntas-frecuentes","status":"publish","type":"page","link":"https:\/\/korevia.com\/index.php\/preguntas-frecuentes\/","title":{"rendered":"Preguntas frecuentes"},"content":{"rendered":"\n<p><em><strong>\u00bfEn qu\u00e9 pa\u00edses se puede comprar online?<\/strong><\/em><\/p>\n\n\n\n<p>Actualmente puedes hacer tu compra en Espa\u00f1a*, Alemania, Austria, B\u00e9lgica, Bulgaria,Dinamarca, Eslovaquia, Eslovenia, Finlandia, Francia, Grecia, Hungr\u00eda, Irlanda, Italia, Letonia, Lituania, Luxemburgo, Pa\u00edses Bajos, Polonia, Portugal*,&nbsp; Rep. Checa, Ruman\u00eda, Suecia.<\/p>\n\n\n\n<p>&nbsp;*Los env\u00edos a Espa\u00f1a no incluyen el archipi\u00e9lago Canario ni las ciudades aut\u00f3nomas de Ceuta y Melilla.<\/p>\n\n\n\n<p>*Los env\u00edos a Portugal no incluyen Azores y Madeira.<\/p>\n\n\n\n<p><em><strong>\u00bfRecibir\u00e9 el mismo producto que veo en la foto?<\/strong><\/em><\/p>\n\n\n\n<p><em>Si.<\/em><\/p>\n\n\n\n<p><em>Algunos de los productos pueden ofrecer variaciones en su color respecto a lo mostrado en las im\u00e1genes, dependiendo de la configuraci\u00f3n de su pantalla y las condiciones lum\u00ednicas.<\/em><\/p>\n\n\n\n<p><em><strong>\u00bfEs posible recibir informaci\u00f3n peri\u00f3dica en mi email con las \u00faltimas novedades y ofertas de\u00a0Korevia?<\/strong><\/em><\/p>\n\n\n\n<p>S\u00ed. Simplemente&nbsp;subscribiendote&nbsp;&nbsp;recibir\u00e1s informaci\u00f3n sobre las \u00faltimas novedades de&nbsp;<strong><em>korevia&nbsp;&nbsp;<\/em><\/strong><em>a trav\u00e9s&nbsp;de nuestros emails mensuales<\/em>.<\/p>\n\n\n\n<p><em><strong>\u00bfPuedo darme de baja de la Newsletter de\u00a0Korevia?<\/strong><\/em><\/p>\n\n\n\n<p>Una vez que te subscribas te llegar\u00e1 un email de confirmaci\u00f3n, en el margen derecho de abajo podr\u00e1s encontrar el enlace Darse de baja. Pulsa en el si quieres que Korevia no te env\u00ede novedades.<\/p>\n\n\n\n<p><em><strong>\u00bfC\u00f3mo puedo asegurarme de haber realizado bien mi compra?<\/strong><\/em><\/p>\n\n\n\n<p>Una vez hecho tu pedido, recibir\u00e1s un email de confirmaci\u00f3n. Si no lo recibieses, ponte en contacto con\u00a0<strong><em><a href=\"mailto:korevia@korevia.com\" target=\"_blank\" rel=\"noreferrer noopener\">korevia@korevia.com<\/a><\/em><\/strong><\/p>\n\n\n\n<p><em><strong>\u00bfPuedo eliminar alg\u00fan art\u00edculo de mi pedido?<\/strong><\/em><\/p>\n\n\n\n<p>S\u00ed. Desde la cesta de compra podr\u00e1s eliminar los art\u00edculos que no deseas siempre y cuando no hayas tramitado el pedido.<\/p>\n\n\n\n<p><em><strong>\u00bfPuedo cancelar mi pedido?<\/strong><\/em><\/p>\n\n\n\n<p>Si, podr\u00e1s cancelar tu pedido solo si a\u00fan no se ha enviado.<\/p>\n\n\n\n<p><em><strong>\u00bfQu\u00e9 debo hacer si me llega un art\u00edculo defectuoso?<\/strong><\/em><\/p>\n\n\n\n<p><strong><em>Korevia\u00a0<\/em><\/strong>s\u00f3lo vende art\u00edculos en perfecto estado, por lo que si, excepcionalmente te llega alg\u00fan art\u00edculo con alg\u00fan defecto ponte en contacto con\u00a0<strong><em><strong><em><a rel=\"noreferrer noopener\" href=\"mailto:korevia@korevia.com\" target=\"_blank\">korevia@korevia.com<\/a><\/em><\/strong><\/em><\/strong>.\u00a0Se realizar\u00e1n devoluciones y cambios \u00fanicamente por los siguientes motivos:<br>.Si el art\u00edculo no es el correcto por parte de la empresa, se enviar\u00e1 el art\u00edculo adecuado.<br>.En el caso de que el art\u00edculo llegue roto por motivo de env\u00edo, podr\u00e1 solicitarse un reemplazo (sin coste adicional) enviando una fotograf\u00eda o v\u00eddeo del art\u00edculo en el momento de recibirlo, en un email a\u00a0<a href=\"mailto:koreviashop@gmail.com\"><\/a><strong><em><a rel=\"noreferrer noopener\" href=\"mailto:korevia@korevia.com\" target=\"_blank\">korevia@korevia.com<\/a><\/em><\/strong>. Al ser un producto artesanal no podemos garantizar que el reemplazo sea 100% como el original pero nos esforzaremos en ello.<\/p>\n\n\n\n<p>Los productos pueden ofrecer variaciones en su color respecto a lo mostrado en las im\u00e1genes. Adem\u00e1s son productos artesanales creados en madera que pueden tener ligeras imperfecciones o diferencias entre los art\u00edculos del mismo par. Estos dos motivos no ser\u00e1n v\u00e1lidos para realizar una devoluci\u00f3n.<\/p>\n\n\n\n<p><strong><em>\u00bfQu\u00e9 debo hacer si me llega un art\u00edculo incorrecto?<\/em><\/strong><\/p>\n\n\n\n<p>Si en alguna ocasi\u00f3n, por error, te llega un art\u00edculo que no has pedido ponte en contacto con <strong><em><a rel=\"noreferrer noopener\" href=\"mailto:korevia@korevia.com\" target=\"_blank\">korevia@korevia.com<\/a><\/em><\/strong><\/p>\n\n\n\n<p><br><em><strong>\u00bfQu\u00e9 forma de pago puedo utilizar para realizar mi compra?<\/strong><\/em><\/p>\n\n\n\n<p>Disponemos de los siguientes medios de pago: Visa, American Express, Mastercard, Paypal.<\/p>\n\n\n\n<p><em><strong>\u00bfPor que raz\u00f3n puede ser rechazada mi tarjeta de cr\u00e9dito?<\/strong><\/em><\/p>\n\n\n\n<ul class=\"wp-block-list\">\n<li>Tu tarjeta puede ser rechazada por una de las siguientes razones:<\/li>\n\n\n\n<li>La tarjeta puede estar caducada. Comprueba que tu tarjeta no exceda la fecha de validez.<\/li>\n\n\n\n<li>Puede que se haya alcanzado el l\u00edmite de la tarjeta. Consulta con tu banco que la tarjeta no haya excedido el importe permitido para efectuar compras.<\/li>\n\n\n\n<li>Puede que alg\u00fan dato introducido est\u00e9 incorrecto. Comprueba que hayas rellenado correctamente todos los campos necesarios.<\/li>\n<\/ul>\n\n\n\n<p><em><strong>\u00bfEs seguro usar mi tarjeta de cr\u00e9dito en la web?<\/strong><\/em><\/p>\n\n\n\n<p>S\u00ed, los datos se transmiten de forma encriptada SSL. El sistema de pago se realizar\u00e1 a trav\u00e9s de la pasarela de pago seguro PayPal.<\/p>\n","protected":false},"excerpt":{"rendered":"<p>\u00bfEn qu\u00e9 pa\u00edses se puede comprar online? Actualmente puedes hacer tu compra en Espa\u00f1a*, Alemania, Austria, B\u00e9lgica, Bulgaria,Dinamarca, Eslovaquia, Eslovenia, Finlandia, Francia, Grecia, Hungr\u00eda, Irlanda, Italia, Letonia, Lituania, Luxemburgo, Pa\u00edses Bajos, Polonia, Portugal*,&nbsp; Rep. Checa, Ruman\u00eda, Suecia. &nbsp;*Los env\u00edos a Espa\u00f1a no incluyen el archipi\u00e9lago Canario ni las ciudades aut\u00f3nomas de Ceuta y Melilla. *Los [&hellip;]<\/p>\n","protected":false},"author":1,"featured_media":0,"parent":0,"menu_order":0,"comment_status":"closed","ping_status":"closed","template":"","meta":{"site-sidebar-layout":"default","site-content-layout":"","ast-site-content-layout":"","site-content-style":"default","site-sidebar-style":"default","ast-global-header-display":"","ast-banner-title-visibility":"","ast-main-header-display":"","ast-hfb-above-header-display":"","ast-hfb-below-header-display":"","ast-hfb-mobile-header-display":"","site-post-title":"","ast-breadcrumbs-content":"","ast-featured-img":"","footer-sml-layout":"","theme-transparent-header-meta":"","adv-header-id-meta":"","stick-header-meta":"","header-above-stick-meta":"","header-main-stick-meta":"","header-below-stick-meta":"","astra-migrate-meta-layouts":"default","ast-page-background-enabled":"default","ast-page-background-meta":{"desktop":{"background-color":"var(--ast-global-color-4)","background-image":"","background-repeat":"repeat","background-position":"center center","background-size":"auto","background-attachment":"scroll","background-type":"","background-media":"","overlay-type":"","overlay-color":"","overlay-opacity":"","overlay-gradient":""},"tablet":{"background-color":"","background-image":"","background-repeat":"repeat","background-position":"center center","background-size":"auto","background-attachment":"scroll","background-type":"","background-media":"","overlay-type":"","overlay-color":"","overlay-opacity":"","overlay-gradient":""},"mobile":{"background-color":"","background-image":"","background-repeat":"repeat","background-position":"center center","background-size":"auto","background-attachment":"scroll","background-type":"","background-media":"","overlay-type":"","overlay-color":"","overlay-opacity":"","overlay-gradient":""}},"ast-content-background-meta":{"desktop":{"background-color":"var(--ast-global-color-5)","background-image":"","background-repeat":"repeat","background-position":"center center","background-size":"auto","background-attachment":"scroll","background-type":"","background-media":"","overlay-type":"","overlay-color":"","overlay-opacity":"","overlay-gradient":""},"tablet":{"background-color":"var(--ast-global-color-5)","background-image":"","background-repeat":"repeat","background-position":"center center","background-size":"auto","background-attachment":"scroll","background-type":"","background-media":"","overlay-type":"","overlay-color":"","overlay-opacity":"","overlay-gradient":""},"mobile":{"background-color":"var(--ast-global-color-5)","background-image":"","background-repeat":"repeat","background-position":"center center","background-size":"auto","background-attachment":"scroll","background-type":"","background-media":"","overlay-type":"","overlay-color":"","overlay-opacity":"","overlay-gradient":""}},"footnotes":""},"class_list":["post-1741","page","type-page","status-publish","hentry"],"jetpack_sharing_enabled":true,"_links":{"self":[{"href":"https:\/\/korevia.com\/index.php\/wp-json\/wp\/v2\/pages\/1741","targetHints":{"allow":["GET"]}}],"collection":[{"href":"https:\/\/korevia.com\/index.php\/wp-json\/wp\/v2\/pages"}],"about":[{"href":"https:\/\/korevia.com\/index.php\/wp-json\/wp\/v2\/types\/page"}],"author":[{"embeddable":true,"href":"https:\/\/korevia.com\/index.php\/wp-json\/wp\/v2\/users\/1"}],"replies":[{"embeddable":true,"href":"https:\/\/korevia.com\/index.php\/wp-json\/wp\/v2\/comments?post=1741"}],"version-history":[{"count":6,"href":"https:\/\/korevia.com\/index.php\/wp-json\/wp\/v2\/pages\/1741\/revisions"}],"predecessor-version":[{"id":1766,"href":"https:\/\/korevia.com\/index.php\/wp-json\/wp\/v2\/pages\/1741\/revisions\/1766"}],"wp:attachment":[{"href":"https:\/\/korevia.com\/index.php\/wp-json\/wp\/v2\/media?parent=1741"}],"curies":[{"name":"wp","href":"https:\/\/api.w.org\/{rel}","templated":true}]}}