{"id":1103,"date":"2023-06-10T18:22:41","date_gmt":"2023-06-10T17:22:41","guid":{"rendered":"http:\/\/nuevo.korevia.com\/index.php\/product\/horquillas-lentejuela-plana\/"},"modified":"2023-06-10T18:22:42","modified_gmt":"2023-06-10T17:22:42","slug":"horquillas-lentejuela-plana","status":"publish","type":"product","link":"https:\/\/korevia.com\/index.php\/product\/horquillas-lentejuela-plana\/","title":{"rendered":"Horquillas lentejuela plana"},"content":{"rendered":"<p>Horquilla de resina con letras de madera recubiertas con lentejuelas planas de colores, clip de metal niquelado dorado.<\/p>\n<p>Esta horquilla se puede personalizar con el nombre que tu elijas (m\u00e1ximo, 5 letras). Tambi\u00e9n puedes elegir el color de las piedras coloreadas, que ser\u00edan: Rosa ,Rosa fucsia, Verde claro, Azul , Plata, Rojo, Amarillo, Lila, Naranja, Blanco, Dorado, Amarillo ne\u00f3n, Rosa Ne\u00f3n.<\/p>\n<p>Para hacer la personalizaci\u00f3n, primero debes comprar la horquilla y contactar con nosotros a trav\u00e9s de korevia@korevia.com o el formulario de contacto y decirnos el nombre que quieres para tu horquilla y el color.<\/p>\n<p>Estas horquillas son una muestra para que puedas ver como quedar\u00edan, el precio de la horquilla es por unidad.<\/p>\n","protected":false},"excerpt":{"rendered":"<p>Horquilla de resina con letras de madera recubiertas con lentejuelas planas de colores, clip de metal niquelado dorado. Esta horquilla se puede personalizar con el nombre que tu elijas (m\u00e1ximo, 5 letras). Tambi\u00e9n puedes elegir el color de las piedras coloreadas, que ser\u00edan: Rosa ,Rosa fucsia, Verde claro, Azul , Plata, Rojo, Amarillo, Lila, Naranja, [&hellip;]<\/p>\n","protected":false},"featured_media":1318,"comment_status":"open","ping_status":"closed","template":"","meta":{"site-sidebar-layout":"default","site-content-layout":"","ast-site-content-layout":"","site-content-style":"default","site-sidebar-style":"default","ast-global-header-display":"","ast-banner-title-visibility":"","ast-main-header-display":"","ast-hfb-above-header-display":"","ast-hfb-below-header-display":"","ast-hfb-mobile-header-display":"","site-post-title":"","ast-breadcrumbs-content":"","ast-featured-img":"","footer-sml-layout":"","theme-transparent-header-meta":"","adv-header-id-meta":"","stick-header-meta":"","header-above-stick-meta":"","header-main-stick-meta":"","header-below-stick-meta":"","astra-migrate-meta-layouts":"default","ast-page-background-enabled":"default","ast-page-background-meta":{"desktop":{"background-color":"var(--ast-global-color-4)","background-image":"","background-repeat":"repeat","background-position":"center center","background-size":"auto","background-attachment":"scroll","background-type":"","background-media":"","overlay-type":"","overlay-color":"","overlay-opacity":"","overlay-gradient":""},"tablet":{"background-color":"","background-image":"","background-repeat":"repeat","background-position":"center center","background-size":"auto","background-attachment":"scroll","background-type":"","background-media":"","overlay-type":"","overlay-color":"","overlay-opacity":"","overlay-gradient":""},"mobile":{"background-color":"","background-image":"","background-repeat":"repeat","background-position":"center center","background-size":"auto","background-attachment":"scroll","background-type":"","background-media":"","overlay-type":"","overlay-color":"","overlay-opacity":"","overlay-gradient":""}},"ast-content-background-meta":{"desktop":{"background-color":"var(--ast-global-color-5)","background-image":"","background-repeat":"repeat","background-position":"center center","background-size":"auto","background-attachment":"scroll","background-type":"","background-media":"","overlay-type":"","overlay-color":"","overlay-opacity":"","overlay-gradient":""},"tablet":{"background-color":"var(--ast-global-color-5)","background-image":"","background-repeat":"repeat","background-position":"center center","background-size":"auto","background-attachment":"scroll","background-type":"","background-media":"","overlay-type":"","overlay-color":"","overlay-opacity":"","overlay-gradient":""},"mobile":{"background-color":"var(--ast-global-color-5)","background-image":"","background-repeat":"repeat","background-position":"center center","background-size":"auto","background-attachment":"scroll","background-type":"","background-media":"","overlay-type":"","overlay-color":"","overlay-opacity":"","overlay-gradient":""}}},"product_brand":[],"product_cat":[443,444],"product_tag":[33,19,20,248,81,111,28,150,32],"class_list":{"0":"post-1103","1":"product","2":"type-product","3":"status-publish","4":"has-post-thumbnail","6":"product_cat-horquillas-de-pelo","7":"product_cat-horquillas-personalizadas","8":"product_tag-brillos","9":"product_tag-fantasy","10":"product_tag-fun","11":"product_tag-hecho-a-mano","12":"product_tag-horquillas","13":"product_tag-lentejuela","14":"product_tag-original","15":"product_tag-personalizadas","16":"product_tag-resina","17":"desktop-align-left","18":"tablet-align-left","19":"mobile-align-left","21":"first","22":"instock","23":"shipping-taxable","24":"purchasable","25":"product-type-simple"},"jetpack_sharing_enabled":true,"_links":{"self":[{"href":"https:\/\/korevia.com\/index.php\/wp-json\/wp\/v2\/product\/1103","targetHints":{"allow":["GET"]}}],"collection":[{"href":"https:\/\/korevia.com\/index.php\/wp-json\/wp\/v2\/product"}],"about":[{"href":"https:\/\/korevia.com\/index.php\/wp-json\/wp\/v2\/types\/product"}],"replies":[{"embeddable":true,"href":"https:\/\/korevia.com\/index.php\/wp-json\/wp\/v2\/comments?post=1103"}],"wp:featuredmedia":[{"embeddable":true,"href":"https:\/\/korevia.com\/index.php\/wp-json\/wp\/v2\/media\/1318"}],"wp:attachment":[{"href":"https:\/\/korevia.com\/index.php\/wp-json\/wp\/v2\/media?parent=1103"}],"wp:term":[{"taxonomy":"product_brand","embeddable":true,"href":"https:\/\/korevia.com\/index.php\/wp-json\/wp\/v2\/product_brand?post=1103"},{"taxonomy":"product_cat","embeddable":true,"href":"https:\/\/korevia.com\/index.php\/wp-json\/wp\/v2\/product_cat?post=1103"},{"taxonomy":"product_tag","embeddable":true,"href":"https:\/\/korevia.com\/index.php\/wp-json\/wp\/v2\/product_tag?post=1103"}],"curies":[{"name":"wp","href":"https:\/\/api.w.org\/{rel}","templated":true}]}}